{"id":176,"date":"2021-12-06T20:08:24","date_gmt":"2021-12-06T19:08:24","guid":{"rendered":"http:\/\/relaisdelaforet41.com\/?page_id=176"},"modified":"2025-11-20T14:52:00","modified_gmt":"2025-11-20T13:52:00","slug":"visites","status":"publish","type":"page","link":"https:\/\/relaisdelaforet41.com\/index.php\/visites\/","title":{"rendered":"D\u00e9couvertes"},"content":{"rendered":"\n<p>&#8220;Le voyageur soucieux de bien m\u00e9nager ses impressions aborde Vend\u00f4me par le nord. Du coteau, qu&#8217;une pente douce abaisse vers les faubourgs, il aper\u00e7oit d&#8217;abord des tours \u00e0 demi ruin\u00e9es qui se dessinent dans le ciel&#8230;&#8221;                                                                                                         <em>Abb\u00e9 Gabriel Plat (1877-1950) &#8220;L&#8217;\u00e9glise de la<\/em> Trinit\u00e9 de Vend\u00f4me&#8221; 1934<\/p>\n\n\n\n<p>D\u00e9couvrez la r\u00e9gion des plus grands Ch\u00e2teaux de la Loire (Chambord, Cheverny, Villandry, Chenonceau, Amboise, Beaugency) et les villes de Blois et Vend\u00f4me.<\/p>\n\n\n\n<p>Vous pouvez t\u00e9l\u00e9charger gratuitement l&#8217;application Wivisites et vous laissez guider <a>p<\/a>ar un commentaire sonore sur les diff\u00e9rents points d&#8217;int\u00e9r\u00eats de la Ville de Vend\u00f4me. <\/p>\n\n\n\n<p>Vend\u00f4me, ville d&#8217;art et d&#8217;histoire, et ses alentours. Le train touristique de la vall\u00e9e du Loir, la commanderie d&#8217;Arville, le village de Lavardin, le jardin de Plessis-Sasni\u00e8res, la maison natale de Ronsard, la grotte p\u00e9trifiante de Troo&#8230;sans oublier ses produits du terroir et les vins de coteaux du Vend\u00f4mois.<\/p>\n\n\n\n<p>Aux alentours, vous  pourrez visiter la ferme de l\u2019\u00e9tang \u00e0 Epuisay et son \u00e9levage de cerfs et de biches ou profiter de la base de loisirs de Villiers sur Loir et de son plan d\u2019eau.<\/p>\n\n\n\n<p>Parcours de golf pour d\u00e9butants ou avertis (journ\u00e9e d\u00e9couverte, parcours 3 et 9 trous, practice et footgolf -parcours de 6 trous avec un ballon de foot mais selon les r\u00e8gles du golf).<\/p>\n\n\n\n<p>Bapt\u00e8me de l&#8217;air en planeur, saut en parachute ou karting \u00e0 l&#8217;a\u00e9rodrome de Blois-Le Breuil.<\/p>\n\n\n\n<p>Le Zoo de Beauval est \u00e0 80 kms du G\u00eete (1h15). Tarifs pr\u00e9f\u00e9rentiels et possibilit\u00e9 de r\u00e9server un car pour effectuer le trajet aller\/retour en famille !<\/p>\n\n\n\n<figure class=\"wp-block-image size-full\"><img loading=\"lazy\" decoding=\"async\" width=\"1000\" height=\"600\" src=\"http:\/\/relaisdelaforet41.com\/wp-content\/uploads\/2023\/09\/abbaye-de-la-trinite.jpg\" alt=\"\" class=\"wp-image-611\" srcset=\"https:\/\/relaisdelaforet41.com\/wp-content\/uploads\/2023\/09\/abbaye-de-la-trinite.jpg 1000w, https:\/\/relaisdelaforet41.com\/wp-content\/uploads\/2023\/09\/abbaye-de-la-trinite-300x180.jpg 300w, https:\/\/relaisdelaforet41.com\/wp-content\/uploads\/2023\/09\/abbaye-de-la-trinite-768x461.jpg 768w\" sizes=\"(max-width: 767px) 89vw, (max-width: 1000px) 54vw, (max-width: 1071px) 543px, 580px\" \/><\/figure>\n\n\n\n<figure class=\"wp-block-image size-full\"><img loading=\"lazy\" decoding=\"async\" width=\"1024\" height=\"770\" src=\"http:\/\/relaisdelaforet41.com\/wp-content\/uploads\/2023\/09\/7020169179_99d9f8dc63_b-1.jpg\" alt=\"\" class=\"wp-image-615\" srcset=\"https:\/\/relaisdelaforet41.com\/wp-content\/uploads\/2023\/09\/7020169179_99d9f8dc63_b-1.jpg 1024w, https:\/\/relaisdelaforet41.com\/wp-content\/uploads\/2023\/09\/7020169179_99d9f8dc63_b-1-300x226.jpg 300w, https:\/\/relaisdelaforet41.com\/wp-content\/uploads\/2023\/09\/7020169179_99d9f8dc63_b-1-768x578.jpg 768w\" sizes=\"(max-width: 767px) 89vw, (max-width: 1000px) 54vw, (max-width: 1071px) 543px, 580px\" \/><\/figure>\n\n\n\n<figure class=\"wp-block-image size-large\"><img loading=\"lazy\" decoding=\"async\" width=\"1024\" height=\"576\" src=\"http:\/\/relaisdelaforet41.com\/wp-content\/uploads\/2023\/09\/maxresdefault-1024x576.jpg\" alt=\"\" class=\"wp-image-612\" srcset=\"https:\/\/relaisdelaforet41.com\/wp-content\/uploads\/2023\/09\/maxresdefault-1024x576.jpg 1024w, https:\/\/relaisdelaforet41.com\/wp-content\/uploads\/2023\/09\/maxresdefault-300x169.jpg 300w, https:\/\/relaisdelaforet41.com\/wp-content\/uploads\/2023\/09\/maxresdefault-768x432.jpg 768w, https:\/\/relaisdelaforet41.com\/wp-content\/uploads\/2023\/09\/maxresdefault.jpg 1280w\" sizes=\"(max-width: 767px) 89vw, (max-width: 1000px) 54vw, (max-width: 1071px) 543px, 580px\" \/><\/figure>\n\n\n\n<figure class=\"wp-block-image size-large\"><img loading=\"lazy\" decoding=\"async\" width=\"1024\" height=\"768\" src=\"http:\/\/relaisdelaforet41.com\/wp-content\/uploads\/2023\/09\/IMG-20230720-WA0006-1024x768.jpg\" alt=\"\" class=\"wp-image-614\" srcset=\"https:\/\/relaisdelaforet41.com\/wp-content\/uploads\/2023\/09\/IMG-20230720-WA0006-1024x768.jpg 1024w, https:\/\/relaisdelaforet41.com\/wp-content\/uploads\/2023\/09\/IMG-20230720-WA0006-300x225.jpg 300w, https:\/\/relaisdelaforet41.com\/wp-content\/uploads\/2023\/09\/IMG-20230720-WA0006-768x576.jpg 768w, https:\/\/relaisdelaforet41.com\/wp-content\/uploads\/2023\/09\/IMG-20230720-WA0006-1536x1152.jpg 1536w, https:\/\/relaisdelaforet41.com\/wp-content\/uploads\/2023\/09\/IMG-20230720-WA0006.jpg 1600w\" sizes=\"(max-width: 767px) 89vw, (max-width: 1000px) 54vw, (max-width: 1071px) 543px, 580px\" \/><\/figure>\n\n\n\n<figure class=\"wp-block-image size-full\"><img loading=\"lazy\" decoding=\"async\" width=\"1020\" height=\"573\" src=\"https:\/\/relaisdelaforet41.com\/wp-content\/uploads\/2025\/04\/58c2d252459a453f008b5288.webp\" alt=\"\" class=\"wp-image-836\" srcset=\"https:\/\/relaisdelaforet41.com\/wp-content\/uploads\/2025\/04\/58c2d252459a453f008b5288.webp 1020w, https:\/\/relaisdelaforet41.com\/wp-content\/uploads\/2025\/04\/58c2d252459a453f008b5288-300x169.webp 300w, https:\/\/relaisdelaforet41.com\/wp-content\/uploads\/2025\/04\/58c2d252459a453f008b5288-768x431.webp 768w\" sizes=\"(max-width: 767px) 89vw, (max-width: 1000px) 54vw, (max-width: 1071px) 543px, 580px\" \/><\/figure>\n\n\n\n<figure class=\"wp-block-image size-full\"><img loading=\"lazy\" decoding=\"async\" width=\"1024\" height=\"628\" src=\"http:\/\/relaisdelaforet41.com\/wp-content\/uploads\/2021\/12\/image.jpg\" alt=\"\" class=\"wp-image-229\" srcset=\"https:\/\/relaisdelaforet41.com\/wp-content\/uploads\/2021\/12\/image.jpg 1024w, https:\/\/relaisdelaforet41.com\/wp-content\/uploads\/2021\/12\/image-300x184.jpg 300w, https:\/\/relaisdelaforet41.com\/wp-content\/uploads\/2021\/12\/image-768x471.jpg 768w\" sizes=\"(max-width: 767px) 89vw, (max-width: 1000px) 54vw, (max-width: 1071px) 543px, 580px\" \/><\/figure>\n\n\n\n<p><\/p>\n","protected":false},"excerpt":{"rendered":"<p>&#8220;Le voyageur soucieux de bien m\u00e9nager ses impressions aborde Vend\u00f4me par le nord. Du coteau, qu&#8217;une pente douce abaisse vers les faubourgs, il aper\u00e7oit d&#8217;abord des tours \u00e0 demi ruin\u00e9es qui se dessinent dans le ciel&#8230;&#8221; Abb\u00e9 Gabriel Plat (1877-1950) &#8220;L&#8217;\u00e9glise de la Trinit\u00e9 de Vend\u00f4me&#8221; 1934 D\u00e9couvrez la r\u00e9gion des plus grands Ch\u00e2teaux de &hellip; <\/p>\n<p class=\"link-more\"><a href=\"https:\/\/relaisdelaforet41.com\/index.php\/visites\/\" class=\"more-link\">Continue reading<span class=\"screen-reader-text\"> &#8220;D\u00e9couvertes&#8221;<\/span><\/a><\/p>\n","protected":false},"author":1,"featured_media":0,"parent":0,"menu_order":0,"comment_status":"closed","ping_status":"closed","template":"","meta":{"footnotes":""},"_links":{"self":[{"href":"https:\/\/relaisdelaforet41.com\/index.php\/wp-json\/wp\/v2\/pages\/176"}],"collection":[{"href":"https:\/\/relaisdelaforet41.com\/index.php\/wp-json\/wp\/v2\/pages"}],"about":[{"href":"https:\/\/relaisdelaforet41.com\/index.php\/wp-json\/wp\/v2\/types\/page"}],"author":[{"embeddable":true,"href":"https:\/\/relaisdelaforet41.com\/index.php\/wp-json\/wp\/v2\/users\/1"}],"replies":[{"embeddable":true,"href":"https:\/\/relaisdelaforet41.com\/index.php\/wp-json\/wp\/v2\/comments?post=176"}],"version-history":[{"count":33,"href":"https:\/\/relaisdelaforet41.com\/index.php\/wp-json\/wp\/v2\/pages\/176\/revisions"}],"predecessor-version":[{"id":1032,"href":"https:\/\/relaisdelaforet41.com\/index.php\/wp-json\/wp\/v2\/pages\/176\/revisions\/1032"}],"wp:attachment":[{"href":"https:\/\/relaisdelaforet41.com\/index.php\/wp-json\/wp\/v2\/media?parent=176"}],"curies":[{"name":"wp","href":"https:\/\/api.w.org\/{rel}","templated":true}]}}