{"id":517,"date":"2023-05-18T20:04:14","date_gmt":"2023-05-18T18:04:14","guid":{"rendered":"http:\/\/relaisdelaforet41.com\/?page_id=517"},"modified":"2025-05-29T12:29:50","modified_gmt":"2025-05-29T10:29:50","slug":"journee-en-famille","status":"publish","type":"page","link":"https:\/\/relaisdelaforet41.com\/index.php\/journee-en-famille\/","title":{"rendered":"Journ\u00e9e en famille"},"content":{"rendered":"\n<p>Visitez \u00e0 Amboise le Ch\u00e2teau du Clos Luc\u00e9, la derni\u00e8re demeure de Leonard de Vinci qui s\u2019\u00e9teignit en 1519, son atelier, la quarantaine de maquettes de ses inventions illustr\u00e9es par des vid\u00e9os en 3D (char d\u2019assaut, parachute, machine volante\u2026), la galerie de ses 17 chefs d\u2019\u0153uvre\u2026ainsi que son parc \u00e0 th\u00e8mes !<br><\/p>\n\n\n\n<p>Apres une visite dans le c\u0153ur historique d\u2019Amboise et sa rue pi\u00e9tonne, prenez la direction du Safari train \u00e0 Autr\u00e8che et d\u00e9couvrez cette r\u00e9serve de grands gibiers d\u2019\u00e9levage (sangliers, cerfs, daims, autruches, bisons\u2026).<\/p>\n\n\n\n<p><\/p>\n\n\n\n<figure class=\"wp-block-image size-full is-resized\"><img loading=\"lazy\" decoding=\"async\" width=\"634\" height=\"1024\" src=\"https:\/\/relaisdelaforet41.com\/wp-content\/uploads\/2025\/05\/image-4.jpeg\" alt=\"L\u2019attribut alt de cette image est vide, son nom de fichier est chateau-clos-luce-parc-leonardo-da-vinci-amboise-14634119584-634x1024.jpg.\" class=\"wp-image-885\" style=\"width:537px;height:auto\" srcset=\"https:\/\/relaisdelaforet41.com\/wp-content\/uploads\/2025\/05\/image-4.jpeg 634w, https:\/\/relaisdelaforet41.com\/wp-content\/uploads\/2025\/05\/image-4-186x300.jpeg 186w\" sizes=\"(max-width: 634px) 100vw, 634px\" \/><\/figure>\n\n\n\n<figure class=\"wp-block-image size-full is-resized\"><img loading=\"lazy\" decoding=\"async\" width=\"645\" height=\"400\" src=\"https:\/\/relaisdelaforet41.com\/wp-content\/uploads\/2025\/05\/image.jpg\" alt=\"\" class=\"wp-image-878\" style=\"width:532px;height:auto\" srcset=\"https:\/\/relaisdelaforet41.com\/wp-content\/uploads\/2025\/05\/image.jpg 645w, https:\/\/relaisdelaforet41.com\/wp-content\/uploads\/2025\/05\/image-300x186.jpg 300w\" sizes=\"(max-width: 645px) 100vw, 645px\" \/><\/figure>\n\n\n\n<figure class=\"wp-block-image size-large\"><img loading=\"lazy\" decoding=\"async\" width=\"1024\" height=\"678\" src=\"http:\/\/relaisdelaforet41.com\/wp-content\/uploads\/2023\/05\/R-1024x678.jpg\" alt=\"\" class=\"wp-image-530\" srcset=\"https:\/\/relaisdelaforet41.com\/wp-content\/uploads\/2023\/05\/R-1024x678.jpg 1024w, https:\/\/relaisdelaforet41.com\/wp-content\/uploads\/2023\/05\/R-300x199.jpg 300w, https:\/\/relaisdelaforet41.com\/wp-content\/uploads\/2023\/05\/R-768x509.jpg 768w, https:\/\/relaisdelaforet41.com\/wp-content\/uploads\/2023\/05\/R-1536x1017.jpg 1536w, https:\/\/relaisdelaforet41.com\/wp-content\/uploads\/2023\/05\/R.jpg 2048w\" sizes=\"(max-width: 767px) 89vw, (max-width: 1000px) 54vw, (max-width: 1071px) 543px, 580px\" \/><\/figure>\n\n\n\n<figure class=\"wp-block-image size-large\"><img loading=\"lazy\" decoding=\"async\" width=\"1024\" height=\"576\" src=\"http:\/\/relaisdelaforet41.com\/wp-content\/uploads\/2023\/05\/R-1-1024x576.jpg\" alt=\"\" class=\"wp-image-531\" srcset=\"https:\/\/relaisdelaforet41.com\/wp-content\/uploads\/2023\/05\/R-1-1024x576.jpg 1024w, https:\/\/relaisdelaforet41.com\/wp-content\/uploads\/2023\/05\/R-1-300x169.jpg 300w, https:\/\/relaisdelaforet41.com\/wp-content\/uploads\/2023\/05\/R-1-768x432.jpg 768w, https:\/\/relaisdelaforet41.com\/wp-content\/uploads\/2023\/05\/R-1-1536x864.jpg 1536w, https:\/\/relaisdelaforet41.com\/wp-content\/uploads\/2023\/05\/R-1.jpg 1920w\" sizes=\"(max-width: 767px) 89vw, (max-width: 1000px) 54vw, (max-width: 1071px) 543px, 580px\" \/><\/figure>\n\n\n\n<figure class=\"wp-block-image size-large\"><img loading=\"lazy\" decoding=\"async\" width=\"1024\" height=\"751\" src=\"http:\/\/relaisdelaforet41.com\/wp-content\/uploads\/2023\/05\/R-2-1024x751.jpg\" alt=\"\" class=\"wp-image-532\" srcset=\"https:\/\/relaisdelaforet41.com\/wp-content\/uploads\/2023\/05\/R-2-1024x751.jpg 1024w, https:\/\/relaisdelaforet41.com\/wp-content\/uploads\/2023\/05\/R-2-300x220.jpg 300w, https:\/\/relaisdelaforet41.com\/wp-content\/uploads\/2023\/05\/R-2-768x563.jpg 768w, https:\/\/relaisdelaforet41.com\/wp-content\/uploads\/2023\/05\/R-2.jpg 1300w\" sizes=\"(max-width: 767px) 89vw, (max-width: 1000px) 54vw, (max-width: 1071px) 543px, 580px\" \/><\/figure>\n\n\n\n<figure class=\"wp-block-image size-large\"><img loading=\"lazy\" decoding=\"async\" width=\"1024\" height=\"576\" src=\"https:\/\/relaisdelaforet41.com\/wp-content\/uploads\/2025\/05\/maxresdefault-1024x576.jpg\" alt=\"\" class=\"wp-image-886\" srcset=\"https:\/\/relaisdelaforet41.com\/wp-content\/uploads\/2025\/05\/maxresdefault-1024x576.jpg 1024w, https:\/\/relaisdelaforet41.com\/wp-content\/uploads\/2025\/05\/maxresdefault-300x169.jpg 300w, https:\/\/relaisdelaforet41.com\/wp-content\/uploads\/2025\/05\/maxresdefault-768x432.jpg 768w, https:\/\/relaisdelaforet41.com\/wp-content\/uploads\/2025\/05\/maxresdefault.jpg 1280w\" sizes=\"(max-width: 767px) 89vw, (max-width: 1000px) 54vw, (max-width: 1071px) 543px, 580px\" \/><\/figure>\n\n\n\n<figure class=\"wp-block-image size-full\"><img loading=\"lazy\" decoding=\"async\" width=\"474\" height=\"303\" src=\"https:\/\/relaisdelaforet41.com\/wp-content\/uploads\/2025\/05\/OIP.jpeg\" alt=\"\" class=\"wp-image-888\" srcset=\"https:\/\/relaisdelaforet41.com\/wp-content\/uploads\/2025\/05\/OIP.jpeg 474w, https:\/\/relaisdelaforet41.com\/wp-content\/uploads\/2025\/05\/OIP-300x192.jpeg 300w\" sizes=\"(max-width: 474px) 100vw, 474px\" \/><\/figure>\n\n\n\n<figure class=\"wp-block-image size-large\"><img loading=\"lazy\" decoding=\"async\" width=\"768\" height=\"1024\" src=\"http:\/\/relaisdelaforet41.com\/wp-content\/uploads\/2023\/05\/20230513_170226-768x1024.jpg\" alt=\"\" class=\"wp-image-533\" srcset=\"https:\/\/relaisdelaforet41.com\/wp-content\/uploads\/2023\/05\/20230513_170226-768x1024.jpg 768w, https:\/\/relaisdelaforet41.com\/wp-content\/uploads\/2023\/05\/20230513_170226-225x300.jpg 225w, https:\/\/relaisdelaforet41.com\/wp-content\/uploads\/2023\/05\/20230513_170226-1152x1536.jpg 1152w, https:\/\/relaisdelaforet41.com\/wp-content\/uploads\/2023\/05\/20230513_170226-1536x2048.jpg 1536w, https:\/\/relaisdelaforet41.com\/wp-content\/uploads\/2023\/05\/20230513_170226-scaled.jpg 1920w\" sizes=\"(max-width: 767px) 89vw, (max-width: 1000px) 54vw, (max-width: 1071px) 543px, 580px\" \/><\/figure>\n\n\n\n<figure class=\"wp-block-image size-full\"><img loading=\"lazy\" decoding=\"async\" width=\"711\" height=\"400\" src=\"http:\/\/relaisdelaforet41.com\/wp-content\/uploads\/2023\/07\/image.jpg\" alt=\"\" class=\"wp-image-562\" srcset=\"https:\/\/relaisdelaforet41.com\/wp-content\/uploads\/2023\/07\/image.jpg 711w, https:\/\/relaisdelaforet41.com\/wp-content\/uploads\/2023\/07\/image-300x169.jpg 300w\" sizes=\"(max-width: 711px) 100vw, 711px\" \/><\/figure>\n\n\n\n<figure class=\"wp-block-image size-large\"><img loading=\"lazy\" decoding=\"async\" width=\"1024\" height=\"576\" src=\"http:\/\/relaisdelaforet41.com\/wp-content\/uploads\/2023\/07\/R-nn-1024x576.jpeg\" alt=\"\" class=\"wp-image-564\" srcset=\"https:\/\/relaisdelaforet41.com\/wp-content\/uploads\/2023\/07\/R-nn-1024x576.jpeg 1024w, https:\/\/relaisdelaforet41.com\/wp-content\/uploads\/2023\/07\/R-nn-300x169.jpeg 300w, https:\/\/relaisdelaforet41.com\/wp-content\/uploads\/2023\/07\/R-nn-768x432.jpeg 768w, https:\/\/relaisdelaforet41.com\/wp-content\/uploads\/2023\/07\/R-nn.jpeg 1536w\" sizes=\"(max-width: 767px) 89vw, (max-width: 1000px) 54vw, (max-width: 1071px) 543px, 580px\" \/><\/figure>\n\n\n\n<figure class=\"wp-block-image size-large\"><img loading=\"lazy\" decoding=\"async\" width=\"768\" height=\"1024\" src=\"http:\/\/relaisdelaforet41.com\/wp-content\/uploads\/2023\/05\/20230513_163703-768x1024.jpg\" alt=\"\" class=\"wp-image-535\" srcset=\"https:\/\/relaisdelaforet41.com\/wp-content\/uploads\/2023\/05\/20230513_163703-768x1024.jpg 768w, https:\/\/relaisdelaforet41.com\/wp-content\/uploads\/2023\/05\/20230513_163703-225x300.jpg 225w, https:\/\/relaisdelaforet41.com\/wp-content\/uploads\/2023\/05\/20230513_163703-1152x1536.jpg 1152w, https:\/\/relaisdelaforet41.com\/wp-content\/uploads\/2023\/05\/20230513_163703-1536x2048.jpg 1536w, https:\/\/relaisdelaforet41.com\/wp-content\/uploads\/2023\/05\/20230513_163703-scaled.jpg 1920w\" sizes=\"(max-width: 767px) 89vw, (max-width: 1000px) 54vw, (max-width: 1071px) 543px, 580px\" \/><\/figure>\n\n\n\n<figure class=\"wp-block-image size-full is-resized\"><img loading=\"lazy\" decoding=\"async\" width=\"550\" height=\"267\" src=\"http:\/\/relaisdelaforet41.com\/wp-content\/uploads\/2023\/07\/20200919-151641-largejpg.jpg\" alt=\"\" class=\"wp-image-563\" style=\"width:676px;height:328px\" srcset=\"https:\/\/relaisdelaforet41.com\/wp-content\/uploads\/2023\/07\/20200919-151641-largejpg.jpg 550w, https:\/\/relaisdelaforet41.com\/wp-content\/uploads\/2023\/07\/20200919-151641-largejpg-300x146.jpg 300w\" sizes=\"(max-width: 550px) 100vw, 550px\" \/><\/figure>\n","protected":false},"excerpt":{"rendered":"<p>Visitez \u00e0 Amboise le Ch\u00e2teau du Clos Luc\u00e9, la derni\u00e8re demeure de Leonard de Vinci qui s\u2019\u00e9teignit en 1519, son atelier, la quarantaine de maquettes de ses inventions illustr\u00e9es par des vid\u00e9os en 3D (char d\u2019assaut, parachute, machine volante\u2026), la galerie de ses 17 chefs d\u2019\u0153uvre\u2026ainsi que son parc \u00e0 th\u00e8mes ! Apres une visite &hellip; <\/p>\n<p class=\"link-more\"><a href=\"https:\/\/relaisdelaforet41.com\/index.php\/journee-en-famille\/\" class=\"more-link\">Continue reading<span class=\"screen-reader-text\"> &#8220;Journ\u00e9e en famille&#8221;<\/span><\/a><\/p>\n","protected":false},"author":1,"featured_media":0,"parent":0,"menu_order":0,"comment_status":"closed","ping_status":"closed","template":"","meta":{"footnotes":""},"_links":{"self":[{"href":"https:\/\/relaisdelaforet41.com\/index.php\/wp-json\/wp\/v2\/pages\/517"}],"collection":[{"href":"https:\/\/relaisdelaforet41.com\/index.php\/wp-json\/wp\/v2\/pages"}],"about":[{"href":"https:\/\/relaisdelaforet41.com\/index.php\/wp-json\/wp\/v2\/types\/page"}],"author":[{"embeddable":true,"href":"https:\/\/relaisdelaforet41.com\/index.php\/wp-json\/wp\/v2\/users\/1"}],"replies":[{"embeddable":true,"href":"https:\/\/relaisdelaforet41.com\/index.php\/wp-json\/wp\/v2\/comments?post=517"}],"version-history":[{"count":13,"href":"https:\/\/relaisdelaforet41.com\/index.php\/wp-json\/wp\/v2\/pages\/517\/revisions"}],"predecessor-version":[{"id":903,"href":"https:\/\/relaisdelaforet41.com\/index.php\/wp-json\/wp\/v2\/pages\/517\/revisions\/903"}],"wp:attachment":[{"href":"https:\/\/relaisdelaforet41.com\/index.php\/wp-json\/wp\/v2\/media?parent=517"}],"curies":[{"name":"wp","href":"https:\/\/api.w.org\/{rel}","templated":true}]}}