{"id":566,"date":"2023-07-16T18:54:54","date_gmt":"2023-07-16T16:54:54","guid":{"rendered":"http:\/\/relaisdelaforet41.com\/?page_id=566"},"modified":"2025-11-26T16:52:55","modified_gmt":"2025-11-26T15:52:55","slug":"journee-entre-amis","status":"publish","type":"page","link":"https:\/\/relaisdelaforet41.com\/index.php\/journee-entre-amis\/","title":{"rendered":"Journ\u00e9e entre amis"},"content":{"rendered":"\n<p>Commencez par un parcours en cano\u00e9 kayak sur le Loir (sur r\u00e9servation).<\/p>\n\n\n\n<p>D\u00e9part \u00e0 Pezou, \u00e0 5 mn du Gite jusqu&#8217;au Ch\u00e2teau de Meslay (environ 3H) et retour en minibus (location du cano\u00e9 : 20 \u20ac\/adulte et 10 \u20ac\/enfant de moins de 15 ans). <\/p>\n\n\n\n<p>Puis visitez une cave familiale pour gouter \u00e0 notre Pineau d\u2019Aunis.<br>Le Loir et Cher, et majoritairement la r\u00e9gion de Vend\u00f4me, en poss\u00e8de la plus grande surface plant\u00e9e au monde.<br>Longtemps utilis\u00e9 pour \u00e9laborer des champagnes, il est propos\u00e9 en vin gris ou rouge.<\/p>\n\n\n\n<p>Pendant ce temps, les plus petits pourront se  promener \u00e0  poneys ou visiter une ch\u00e8vrerie \u00e0 5 mn des caves \u00e0 vin de Thor\u00e9 la Rochette et assister \u00e0 la traite de 17h.<\/p>\n\n\n\n<figure class=\"wp-block-image size-large\"><img loading=\"lazy\" decoding=\"async\" width=\"1024\" height=\"576\" src=\"http:\/\/relaisdelaforet41.com\/wp-content\/uploads\/2023\/07\/canoe-sur-le-loir-lavardin-ot-pays-de-vendme-8-1200x675-1-1024x576.jpg\" alt=\"\" class=\"wp-image-574\" srcset=\"https:\/\/relaisdelaforet41.com\/wp-content\/uploads\/2023\/07\/canoe-sur-le-loir-lavardin-ot-pays-de-vendme-8-1200x675-1-1024x576.jpg 1024w, https:\/\/relaisdelaforet41.com\/wp-content\/uploads\/2023\/07\/canoe-sur-le-loir-lavardin-ot-pays-de-vendme-8-1200x675-1-300x169.jpg 300w, https:\/\/relaisdelaforet41.com\/wp-content\/uploads\/2023\/07\/canoe-sur-le-loir-lavardin-ot-pays-de-vendme-8-1200x675-1-768x432.jpg 768w, https:\/\/relaisdelaforet41.com\/wp-content\/uploads\/2023\/07\/canoe-sur-le-loir-lavardin-ot-pays-de-vendme-8-1200x675-1.jpg 1200w\" sizes=\"(max-width: 767px) 89vw, (max-width: 1000px) 54vw, (max-width: 1071px) 543px, 580px\" \/><\/figure>\n\n\n\n<figure class=\"wp-block-image size-full\"><img loading=\"lazy\" decoding=\"async\" width=\"960\" height=\"720\" src=\"http:\/\/relaisdelaforet41.com\/wp-content\/uploads\/2023\/07\/R-1.jpeg\" alt=\"\" class=\"wp-image-576\" srcset=\"https:\/\/relaisdelaforet41.com\/wp-content\/uploads\/2023\/07\/R-1.jpeg 960w, https:\/\/relaisdelaforet41.com\/wp-content\/uploads\/2023\/07\/R-1-300x225.jpeg 300w, https:\/\/relaisdelaforet41.com\/wp-content\/uploads\/2023\/07\/R-1-768x576.jpeg 768w\" sizes=\"(max-width: 767px) 89vw, (max-width: 1000px) 54vw, (max-width: 1071px) 543px, 580px\" \/><\/figure>\n\n\n\n<figure class=\"wp-block-image size-large\"><img loading=\"lazy\" decoding=\"async\" width=\"768\" height=\"1024\" src=\"http:\/\/relaisdelaforet41.com\/wp-content\/uploads\/2023\/07\/IMG-20230720-WA0007-768x1024.jpg\" alt=\"\" class=\"wp-image-583\" srcset=\"https:\/\/relaisdelaforet41.com\/wp-content\/uploads\/2023\/07\/IMG-20230720-WA0007-768x1024.jpg 768w, https:\/\/relaisdelaforet41.com\/wp-content\/uploads\/2023\/07\/IMG-20230720-WA0007-225x300.jpg 225w, https:\/\/relaisdelaforet41.com\/wp-content\/uploads\/2023\/07\/IMG-20230720-WA0007-1152x1536.jpg 1152w, https:\/\/relaisdelaforet41.com\/wp-content\/uploads\/2023\/07\/IMG-20230720-WA0007.jpg 1200w\" sizes=\"(max-width: 767px) 89vw, (max-width: 1000px) 54vw, (max-width: 1071px) 543px, 580px\" \/><\/figure>\n\n\n\n<figure class=\"wp-block-image size-large\"><img loading=\"lazy\" decoding=\"async\" width=\"1024\" height=\"683\" src=\"http:\/\/relaisdelaforet41.com\/wp-content\/uploads\/2023\/07\/th_fabb1197af62684da463ea605b55479c_Le-pineau-dAunis-4-1024x683.jpg\" alt=\"\" class=\"wp-image-577\" srcset=\"https:\/\/relaisdelaforet41.com\/wp-content\/uploads\/2023\/07\/th_fabb1197af62684da463ea605b55479c_Le-pineau-dAunis-4-1024x683.jpg 1024w, https:\/\/relaisdelaforet41.com\/wp-content\/uploads\/2023\/07\/th_fabb1197af62684da463ea605b55479c_Le-pineau-dAunis-4-300x200.jpg 300w, https:\/\/relaisdelaforet41.com\/wp-content\/uploads\/2023\/07\/th_fabb1197af62684da463ea605b55479c_Le-pineau-dAunis-4-768x512.jpg 768w, https:\/\/relaisdelaforet41.com\/wp-content\/uploads\/2023\/07\/th_fabb1197af62684da463ea605b55479c_Le-pineau-dAunis-4-1536x1024.jpg 1536w, https:\/\/relaisdelaforet41.com\/wp-content\/uploads\/2023\/07\/th_fabb1197af62684da463ea605b55479c_Le-pineau-dAunis-4.jpg 1920w\" sizes=\"(max-width: 767px) 89vw, (max-width: 1000px) 54vw, (max-width: 1071px) 543px, 580px\" \/><\/figure>\n\n\n\n<figure class=\"wp-block-image size-large\"><img loading=\"lazy\" decoding=\"async\" width=\"1024\" height=\"576\" src=\"http:\/\/relaisdelaforet41.com\/wp-content\/uploads\/2023\/07\/cave-de-la-berthelotiere-jumert-ot-pays-de-vendome-18-1920x1080-1-1024x576.jpg\" alt=\"\" class=\"wp-image-579\" srcset=\"https:\/\/relaisdelaforet41.com\/wp-content\/uploads\/2023\/07\/cave-de-la-berthelotiere-jumert-ot-pays-de-vendome-18-1920x1080-1-1024x576.jpg 1024w, https:\/\/relaisdelaforet41.com\/wp-content\/uploads\/2023\/07\/cave-de-la-berthelotiere-jumert-ot-pays-de-vendome-18-1920x1080-1-300x169.jpg 300w, https:\/\/relaisdelaforet41.com\/wp-content\/uploads\/2023\/07\/cave-de-la-berthelotiere-jumert-ot-pays-de-vendome-18-1920x1080-1-768x432.jpg 768w, https:\/\/relaisdelaforet41.com\/wp-content\/uploads\/2023\/07\/cave-de-la-berthelotiere-jumert-ot-pays-de-vendome-18-1920x1080-1-1536x864.jpg 1536w, https:\/\/relaisdelaforet41.com\/wp-content\/uploads\/2023\/07\/cave-de-la-berthelotiere-jumert-ot-pays-de-vendome-18-1920x1080-1.jpg 1920w\" sizes=\"(max-width: 767px) 89vw, (max-width: 1000px) 54vw, (max-width: 1071px) 543px, 580px\" \/><\/figure>\n\n\n\n<figure class=\"wp-block-image size-full\"><img loading=\"lazy\" decoding=\"async\" width=\"850\" height=\"567\" src=\"http:\/\/relaisdelaforet41.com\/wp-content\/uploads\/2023\/07\/aunis-2.jpg\" alt=\"\" class=\"wp-image-580\" srcset=\"https:\/\/relaisdelaforet41.com\/wp-content\/uploads\/2023\/07\/aunis-2.jpg 850w, https:\/\/relaisdelaforet41.com\/wp-content\/uploads\/2023\/07\/aunis-2-300x200.jpg 300w, https:\/\/relaisdelaforet41.com\/wp-content\/uploads\/2023\/07\/aunis-2-768x512.jpg 768w\" sizes=\"(max-width: 767px) 89vw, (max-width: 1000px) 54vw, (max-width: 1071px) 543px, 580px\" \/><\/figure>\n","protected":false},"excerpt":{"rendered":"<p>Commencez par un parcours en cano\u00e9 kayak sur le Loir (sur r\u00e9servation). D\u00e9part \u00e0 Pezou, \u00e0 5 mn du Gite jusqu&#8217;au Ch\u00e2teau de Meslay (environ 3H) et retour en minibus (location du cano\u00e9 : 20 \u20ac\/adulte et 10 \u20ac\/enfant de moins de 15 ans). Puis visitez une cave familiale pour gouter \u00e0 notre Pineau d\u2019Aunis.Le &hellip; <\/p>\n<p class=\"link-more\"><a href=\"https:\/\/relaisdelaforet41.com\/index.php\/journee-entre-amis\/\" class=\"more-link\">Continue reading<span class=\"screen-reader-text\"> &#8220;Journ\u00e9e entre amis&#8221;<\/span><\/a><\/p>\n","protected":false},"author":1,"featured_media":0,"parent":0,"menu_order":0,"comment_status":"closed","ping_status":"closed","template":"","meta":{"footnotes":""},"_links":{"self":[{"href":"https:\/\/relaisdelaforet41.com\/index.php\/wp-json\/wp\/v2\/pages\/566"}],"collection":[{"href":"https:\/\/relaisdelaforet41.com\/index.php\/wp-json\/wp\/v2\/pages"}],"about":[{"href":"https:\/\/relaisdelaforet41.com\/index.php\/wp-json\/wp\/v2\/types\/page"}],"author":[{"embeddable":true,"href":"https:\/\/relaisdelaforet41.com\/index.php\/wp-json\/wp\/v2\/users\/1"}],"replies":[{"embeddable":true,"href":"https:\/\/relaisdelaforet41.com\/index.php\/wp-json\/wp\/v2\/comments?post=566"}],"version-history":[{"count":9,"href":"https:\/\/relaisdelaforet41.com\/index.php\/wp-json\/wp\/v2\/pages\/566\/revisions"}],"predecessor-version":[{"id":1034,"href":"https:\/\/relaisdelaforet41.com\/index.php\/wp-json\/wp\/v2\/pages\/566\/revisions\/1034"}],"wp:attachment":[{"href":"https:\/\/relaisdelaforet41.com\/index.php\/wp-json\/wp\/v2\/media?parent=566"}],"curies":[{"name":"wp","href":"https:\/\/api.w.org\/{rel}","templated":true}]}}