{"id":7,"date":"2021-09-19T15:14:19","date_gmt":"2021-09-19T13:14:19","guid":{"rendered":"http:\/\/relaisdelaforet41.com\/?page_id=7"},"modified":"2025-11-10T15:34:35","modified_gmt":"2025-11-10T14:34:35","slug":"a-propos-de","status":"publish","type":"page","link":"https:\/\/relaisdelaforet41.com\/index.php\/a-propos-de\/","title":{"rendered":"H\u00e9bergement"},"content":{"rendered":"\n<p>10 \u00e0 12 chambres spacieuses, draps fournis et lits pr\u00e9par\u00e9s \u00e0 l\u2019arriv\u00e9e.<br>Salle d\u2019eau individuelle avec douche \u00e0 l\u2019italienne, wc et lavabo, dans chaque chambre.<br>Toutes les chambres donnent acc\u00e8s sur une terrasse en pav\u00e9s autobloquants et sont adapt\u00e9es aux personnes \u00e0 mobilit\u00e9 r\u00e9duite (PMR).<\/p>\n\n\n\n<p>Une pension pour chiens et chats est \u00e0 5 mn en voiture (hors juillet et ao\u00fbt) : 20 \u20ac la nuit. <\/p>\n\n\n\n<figure class=\"wp-block-image size-large\"><img loading=\"lazy\" decoding=\"async\" width=\"768\" height=\"1024\" src=\"https:\/\/relaisdelaforet41.com\/wp-content\/uploads\/2024\/06\/20240606_140520-768x1024.jpg\" alt=\"\" class=\"wp-image-700\" srcset=\"https:\/\/relaisdelaforet41.com\/wp-content\/uploads\/2024\/06\/20240606_140520-768x1024.jpg 768w, https:\/\/relaisdelaforet41.com\/wp-content\/uploads\/2024\/06\/20240606_140520-225x300.jpg 225w, https:\/\/relaisdelaforet41.com\/wp-content\/uploads\/2024\/06\/20240606_140520-1152x1536.jpg 1152w, https:\/\/relaisdelaforet41.com\/wp-content\/uploads\/2024\/06\/20240606_140520-1536x2048.jpg 1536w, https:\/\/relaisdelaforet41.com\/wp-content\/uploads\/2024\/06\/20240606_140520-scaled.jpg 1920w\" sizes=\"(max-width: 767px) 89vw, (max-width: 1000px) 54vw, (max-width: 1071px) 543px, 580px\" \/><\/figure>\n\n\n\n<figure class=\"wp-block-gallery has-nested-images columns-default is-cropped wp-block-gallery-1 is-layout-flex wp-block-gallery-is-layout-flex\">\n<figure class=\"wp-block-image size-large\"><img loading=\"lazy\" decoding=\"async\" width=\"768\" height=\"1024\" data-id=\"478\" src=\"https:\/\/relaisdelaforet41.com\/wp-content\/uploads\/2023\/02\/20220729_172233-768x1024.jpg\" alt=\"\" class=\"wp-image-478\" srcset=\"https:\/\/relaisdelaforet41.com\/wp-content\/uploads\/2023\/02\/20220729_172233-768x1024.jpg 768w, https:\/\/relaisdelaforet41.com\/wp-content\/uploads\/2023\/02\/20220729_172233-225x300.jpg 225w, https:\/\/relaisdelaforet41.com\/wp-content\/uploads\/2023\/02\/20220729_172233-1152x1536.jpg 1152w, https:\/\/relaisdelaforet41.com\/wp-content\/uploads\/2023\/02\/20220729_172233-1536x2048.jpg 1536w, https:\/\/relaisdelaforet41.com\/wp-content\/uploads\/2023\/02\/20220729_172233-scaled.jpg 1920w\" sizes=\"(max-width: 767px) 89vw, (max-width: 1000px) 54vw, (max-width: 1071px) 543px, 580px\" \/><\/figure>\n\n\n\n<figure class=\"wp-block-image size-large\"><img loading=\"lazy\" decoding=\"async\" width=\"768\" height=\"1024\" data-id=\"480\" src=\"https:\/\/relaisdelaforet41.com\/wp-content\/uploads\/2023\/02\/20220729_172331-768x1024.jpg\" alt=\"\" class=\"wp-image-480\" srcset=\"https:\/\/relaisdelaforet41.com\/wp-content\/uploads\/2023\/02\/20220729_172331-768x1024.jpg 768w, https:\/\/relaisdelaforet41.com\/wp-content\/uploads\/2023\/02\/20220729_172331-225x300.jpg 225w, https:\/\/relaisdelaforet41.com\/wp-content\/uploads\/2023\/02\/20220729_172331-1152x1536.jpg 1152w, https:\/\/relaisdelaforet41.com\/wp-content\/uploads\/2023\/02\/20220729_172331-1536x2048.jpg 1536w, https:\/\/relaisdelaforet41.com\/wp-content\/uploads\/2023\/02\/20220729_172331-scaled.jpg 1920w\" sizes=\"(max-width: 767px) 89vw, (max-width: 1000px) 54vw, (max-width: 1071px) 543px, 580px\" \/><\/figure>\n<\/figure>\n\n\n\n<figure class=\"wp-block-gallery aligncenter has-nested-images columns-default is-cropped wp-block-gallery-2 is-layout-flex wp-block-gallery-is-layout-flex\">\n<figure class=\"wp-block-image size-large\"><img loading=\"lazy\" decoding=\"async\" width=\"768\" height=\"1024\" data-id=\"702\" src=\"https:\/\/relaisdelaforet41.com\/wp-content\/uploads\/2024\/06\/20240606_140947-768x1024.jpg\" alt=\"\" class=\"wp-image-702\" srcset=\"https:\/\/relaisdelaforet41.com\/wp-content\/uploads\/2024\/06\/20240606_140947-768x1024.jpg 768w, https:\/\/relaisdelaforet41.com\/wp-content\/uploads\/2024\/06\/20240606_140947-225x300.jpg 225w, https:\/\/relaisdelaforet41.com\/wp-content\/uploads\/2024\/06\/20240606_140947-1152x1536.jpg 1152w, https:\/\/relaisdelaforet41.com\/wp-content\/uploads\/2024\/06\/20240606_140947-1536x2048.jpg 1536w, https:\/\/relaisdelaforet41.com\/wp-content\/uploads\/2024\/06\/20240606_140947-scaled.jpg 1920w\" sizes=\"(max-width: 767px) 89vw, (max-width: 1000px) 54vw, (max-width: 1071px) 543px, 580px\" \/><\/figure>\n\n\n\n<figure class=\"wp-block-image size-large\"><img loading=\"lazy\" decoding=\"async\" width=\"768\" height=\"1024\" data-id=\"484\" src=\"https:\/\/relaisdelaforet41.com\/wp-content\/uploads\/2023\/02\/IMG-20220516-WA0007-768x1024.jpg\" alt=\"\" class=\"wp-image-484\" srcset=\"https:\/\/relaisdelaforet41.com\/wp-content\/uploads\/2023\/02\/IMG-20220516-WA0007-768x1024.jpg 768w, https:\/\/relaisdelaforet41.com\/wp-content\/uploads\/2023\/02\/IMG-20220516-WA0007-225x300.jpg 225w, https:\/\/relaisdelaforet41.com\/wp-content\/uploads\/2023\/02\/IMG-20220516-WA0007-1152x1536.jpg 1152w, https:\/\/relaisdelaforet41.com\/wp-content\/uploads\/2023\/02\/IMG-20220516-WA0007.jpg 1200w\" sizes=\"(max-width: 767px) 89vw, (max-width: 1000px) 54vw, (max-width: 1071px) 543px, 580px\" \/><\/figure>\n<\/figure>\n\n\n\n<figure class=\"wp-block-image size-large\"><img loading=\"lazy\" decoding=\"async\" width=\"768\" height=\"1024\" src=\"https:\/\/relaisdelaforet41.com\/wp-content\/uploads\/2025\/06\/20250516_103936-768x1024.jpg\" alt=\"\" class=\"wp-image-924\" srcset=\"https:\/\/relaisdelaforet41.com\/wp-content\/uploads\/2025\/06\/20250516_103936-768x1024.jpg 768w, https:\/\/relaisdelaforet41.com\/wp-content\/uploads\/2025\/06\/20250516_103936-225x300.jpg 225w, https:\/\/relaisdelaforet41.com\/wp-content\/uploads\/2025\/06\/20250516_103936-1152x1536.jpg 1152w, https:\/\/relaisdelaforet41.com\/wp-content\/uploads\/2025\/06\/20250516_103936-1536x2048.jpg 1536w, https:\/\/relaisdelaforet41.com\/wp-content\/uploads\/2025\/06\/20250516_103936-scaled.jpg 1920w\" sizes=\"(max-width: 767px) 89vw, (max-width: 1000px) 54vw, (max-width: 1071px) 543px, 580px\" \/><\/figure>\n\n\n\n<figure class=\"wp-block-image size-large\"><img loading=\"lazy\" decoding=\"async\" width=\"1024\" height=\"768\" src=\"https:\/\/relaisdelaforet41.com\/wp-content\/uploads\/2025\/06\/20250619_124431-1-1024x768.jpg\" alt=\"\" class=\"wp-image-945\" srcset=\"https:\/\/relaisdelaforet41.com\/wp-content\/uploads\/2025\/06\/20250619_124431-1-1024x768.jpg 1024w, https:\/\/relaisdelaforet41.com\/wp-content\/uploads\/2025\/06\/20250619_124431-1-300x225.jpg 300w, https:\/\/relaisdelaforet41.com\/wp-content\/uploads\/2025\/06\/20250619_124431-1-768x576.jpg 768w, https:\/\/relaisdelaforet41.com\/wp-content\/uploads\/2025\/06\/20250619_124431-1-1536x1152.jpg 1536w, https:\/\/relaisdelaforet41.com\/wp-content\/uploads\/2025\/06\/20250619_124431-1-2048x1536.jpg 2048w\" sizes=\"(max-width: 767px) 89vw, (max-width: 1000px) 54vw, (max-width: 1071px) 543px, 580px\" \/><\/figure>\n\n\n\n<figure class=\"wp-block-image size-large\"><img loading=\"lazy\" decoding=\"async\" width=\"768\" height=\"1024\" src=\"http:\/\/relaisdelaforet41.com\/wp-content\/uploads\/2022\/08\/20220624_161907-768x1024.jpg\" alt=\"\" class=\"wp-image-453\" srcset=\"https:\/\/relaisdelaforet41.com\/wp-content\/uploads\/2022\/08\/20220624_161907-768x1024.jpg 768w, https:\/\/relaisdelaforet41.com\/wp-content\/uploads\/2022\/08\/20220624_161907-225x300.jpg 225w, https:\/\/relaisdelaforet41.com\/wp-content\/uploads\/2022\/08\/20220624_161907-1152x1536.jpg 1152w, https:\/\/relaisdelaforet41.com\/wp-content\/uploads\/2022\/08\/20220624_161907-1536x2048.jpg 1536w, https:\/\/relaisdelaforet41.com\/wp-content\/uploads\/2022\/08\/20220624_161907-scaled.jpg 1920w\" sizes=\"(max-width: 767px) 89vw, (max-width: 1000px) 54vw, (max-width: 1071px) 543px, 580px\" \/><\/figure>\n\n\n\n<figure class=\"wp-block-image size-large\"><img loading=\"lazy\" decoding=\"async\" width=\"768\" height=\"1024\" src=\"http:\/\/relaisdelaforet41.com\/wp-content\/uploads\/2022\/08\/20220701_163333-768x1024.jpg\" alt=\"\" class=\"wp-image-454\" srcset=\"https:\/\/relaisdelaforet41.com\/wp-content\/uploads\/2022\/08\/20220701_163333-768x1024.jpg 768w, https:\/\/relaisdelaforet41.com\/wp-content\/uploads\/2022\/08\/20220701_163333-225x300.jpg 225w, https:\/\/relaisdelaforet41.com\/wp-content\/uploads\/2022\/08\/20220701_163333-1152x1536.jpg 1152w, https:\/\/relaisdelaforet41.com\/wp-content\/uploads\/2022\/08\/20220701_163333-1536x2048.jpg 1536w, https:\/\/relaisdelaforet41.com\/wp-content\/uploads\/2022\/08\/20220701_163333-scaled.jpg 1920w\" sizes=\"(max-width: 767px) 89vw, (max-width: 1000px) 54vw, (max-width: 1071px) 543px, 580px\" \/><\/figure>\n\n\n\n<figure class=\"wp-block-image size-large\"><img loading=\"lazy\" decoding=\"async\" width=\"768\" height=\"1024\" src=\"https:\/\/relaisdelaforet41.com\/wp-content\/uploads\/2024\/06\/20240606_140917-768x1024.jpg\" alt=\"\" class=\"wp-image-704\" srcset=\"https:\/\/relaisdelaforet41.com\/wp-content\/uploads\/2024\/06\/20240606_140917-768x1024.jpg 768w, https:\/\/relaisdelaforet41.com\/wp-content\/uploads\/2024\/06\/20240606_140917-225x300.jpg 225w, https:\/\/relaisdelaforet41.com\/wp-content\/uploads\/2024\/06\/20240606_140917-1152x1536.jpg 1152w, https:\/\/relaisdelaforet41.com\/wp-content\/uploads\/2024\/06\/20240606_140917-1536x2048.jpg 1536w, https:\/\/relaisdelaforet41.com\/wp-content\/uploads\/2024\/06\/20240606_140917-scaled.jpg 1920w\" sizes=\"(max-width: 767px) 89vw, (max-width: 1000px) 54vw, (max-width: 1071px) 543px, 580px\" \/><\/figure>\n","protected":false},"excerpt":{"rendered":"<p>10 \u00e0 12 chambres spacieuses, draps fournis et lits pr\u00e9par\u00e9s \u00e0 l\u2019arriv\u00e9e.Salle d\u2019eau individuelle avec douche \u00e0 l\u2019italienne, wc et lavabo, dans chaque chambre.Toutes les chambres donnent acc\u00e8s sur une terrasse en pav\u00e9s autobloquants et sont adapt\u00e9es aux personnes \u00e0 mobilit\u00e9 r\u00e9duite (PMR). Une pension pour chiens et chats est \u00e0 5 mn en voiture &hellip; <\/p>\n<p class=\"link-more\"><a href=\"https:\/\/relaisdelaforet41.com\/index.php\/a-propos-de\/\" class=\"more-link\">Continue reading<span class=\"screen-reader-text\"> &#8220;H\u00e9bergement&#8221;<\/span><\/a><\/p>\n","protected":false},"author":1,"featured_media":643,"parent":0,"menu_order":0,"comment_status":"closed","ping_status":"closed","template":"","meta":{"footnotes":""},"_links":{"self":[{"href":"https:\/\/relaisdelaforet41.com\/index.php\/wp-json\/wp\/v2\/pages\/7"}],"collection":[{"href":"https:\/\/relaisdelaforet41.com\/index.php\/wp-json\/wp\/v2\/pages"}],"about":[{"href":"https:\/\/relaisdelaforet41.com\/index.php\/wp-json\/wp\/v2\/types\/page"}],"author":[{"embeddable":true,"href":"https:\/\/relaisdelaforet41.com\/index.php\/wp-json\/wp\/v2\/users\/1"}],"replies":[{"embeddable":true,"href":"https:\/\/relaisdelaforet41.com\/index.php\/wp-json\/wp\/v2\/comments?post=7"}],"version-history":[{"count":30,"href":"https:\/\/relaisdelaforet41.com\/index.php\/wp-json\/wp\/v2\/pages\/7\/revisions"}],"predecessor-version":[{"id":1030,"href":"https:\/\/relaisdelaforet41.com\/index.php\/wp-json\/wp\/v2\/pages\/7\/revisions\/1030"}],"wp:featuredmedia":[{"embeddable":true,"href":"https:\/\/relaisdelaforet41.com\/index.php\/wp-json\/wp\/v2\/media\/643"}],"wp:attachment":[{"href":"https:\/\/relaisdelaforet41.com\/index.php\/wp-json\/wp\/v2\/media?parent=7"}],"curies":[{"name":"wp","href":"https:\/\/api.w.org\/{rel}","templated":true}]}}