{"id":847,"date":"2025-05-12T17:29:04","date_gmt":"2025-05-12T15:29:04","guid":{"rendered":"https:\/\/relaisdelaforet41.com\/?page_id=847"},"modified":"2025-06-25T19:14:59","modified_gmt":"2025-06-25T17:14:59","slug":"mariages","status":"publish","type":"page","link":"https:\/\/relaisdelaforet41.com\/index.php\/mariages\/","title":{"rendered":"Mariages"},"content":{"rendered":"\n<p>Pour l&#8217;organisation de vos c\u00e9r\u00e9monies de mariage, \u00e0 Vend\u00f4me et aux alentours, vous pouvez r\u00e9server la salle de r\u00e9ception de 200 M2 (80 personnes assises, tables et chaises \u00e0 disposition) \u00e0 la Mairie de Renay, \u00e0 350 m du g\u00eete, soit :<\/p>\n\n\n\n<ul>\n<li>les photos et l&#8217;ap\u00e9ritif dans la cour du Gite ou les jardins<\/li>\n\n\n\n<li>le diner et la soir\u00e9e dans la salle des f\u00eates de Renay<\/li>\n\n\n\n<li>la nuit et le petit d\u00e9jeuner au Relais de la foret (possibilit\u00e9 d&#8217;autres h\u00e9bergements \u00e0 proximit\u00e9)<\/li>\n<\/ul>\n\n\n\n<p><\/p>\n\n\n\n<figure class=\"wp-block-image size-full is-resized\"><img loading=\"lazy\" decoding=\"async\" width=\"275\" height=\"183\" src=\"https:\/\/relaisdelaforet41.com\/wp-content\/uploads\/2025\/05\/telecharger.jpg\" alt=\"\" class=\"wp-image-855\" style=\"width:672px;height:auto\"\/><\/figure>\n\n\n\n<figure class=\"wp-block-image size-large\"><img loading=\"lazy\" decoding=\"async\" width=\"768\" height=\"1024\" src=\"https:\/\/relaisdelaforet41.com\/wp-content\/uploads\/2025\/05\/20230505_150409-768x1024.jpg\" alt=\"\" class=\"wp-image-864\" srcset=\"https:\/\/relaisdelaforet41.com\/wp-content\/uploads\/2025\/05\/20230505_150409-768x1024.jpg 768w, https:\/\/relaisdelaforet41.com\/wp-content\/uploads\/2025\/05\/20230505_150409-225x300.jpg 225w, https:\/\/relaisdelaforet41.com\/wp-content\/uploads\/2025\/05\/20230505_150409-1152x1536.jpg 1152w, https:\/\/relaisdelaforet41.com\/wp-content\/uploads\/2025\/05\/20230505_150409-1536x2048.jpg 1536w, https:\/\/relaisdelaforet41.com\/wp-content\/uploads\/2025\/05\/20230505_150409-scaled.jpg 1920w\" sizes=\"(max-width: 767px) 89vw, (max-width: 1000px) 54vw, (max-width: 1071px) 543px, 580px\" \/><\/figure>\n\n\n\n<figure class=\"wp-block-image size-full\"><img loading=\"lazy\" decoding=\"async\" width=\"962\" height=\"768\" src=\"https:\/\/relaisdelaforet41.com\/wp-content\/uploads\/2025\/05\/devant.jpg\" alt=\"\" class=\"wp-image-865\" srcset=\"https:\/\/relaisdelaforet41.com\/wp-content\/uploads\/2025\/05\/devant.jpg 962w, https:\/\/relaisdelaforet41.com\/wp-content\/uploads\/2025\/05\/devant-300x240.jpg 300w, https:\/\/relaisdelaforet41.com\/wp-content\/uploads\/2025\/05\/devant-768x613.jpg 768w\" sizes=\"(max-width: 767px) 89vw, (max-width: 1000px) 54vw, (max-width: 1071px) 543px, 580px\" \/><\/figure>\n\n\n\n<figure class=\"wp-block-image size-large\"><img loading=\"lazy\" decoding=\"async\" width=\"1024\" height=\"768\" src=\"https:\/\/relaisdelaforet41.com\/wp-content\/uploads\/2025\/06\/20250517_105611-1024x768.jpg\" alt=\"\" class=\"wp-image-966\" srcset=\"https:\/\/relaisdelaforet41.com\/wp-content\/uploads\/2025\/06\/20250517_105611-1024x768.jpg 1024w, https:\/\/relaisdelaforet41.com\/wp-content\/uploads\/2025\/06\/20250517_105611-300x225.jpg 300w, https:\/\/relaisdelaforet41.com\/wp-content\/uploads\/2025\/06\/20250517_105611-768x576.jpg 768w, https:\/\/relaisdelaforet41.com\/wp-content\/uploads\/2025\/06\/20250517_105611-1536x1152.jpg 1536w, https:\/\/relaisdelaforet41.com\/wp-content\/uploads\/2025\/06\/20250517_105611-2048x1536.jpg 2048w\" sizes=\"(max-width: 767px) 89vw, (max-width: 1000px) 54vw, (max-width: 1071px) 543px, 580px\" \/><\/figure>\n\n\n\n<figure class=\"wp-block-image size-large\"><img loading=\"lazy\" decoding=\"async\" width=\"768\" height=\"1024\" src=\"https:\/\/relaisdelaforet41.com\/wp-content\/uploads\/2025\/05\/20250520_104306-768x1024.jpg\" alt=\"\" class=\"wp-image-901\" srcset=\"https:\/\/relaisdelaforet41.com\/wp-content\/uploads\/2025\/05\/20250520_104306-768x1024.jpg 768w, https:\/\/relaisdelaforet41.com\/wp-content\/uploads\/2025\/05\/20250520_104306-225x300.jpg 225w, https:\/\/relaisdelaforet41.com\/wp-content\/uploads\/2025\/05\/20250520_104306-1152x1536.jpg 1152w, https:\/\/relaisdelaforet41.com\/wp-content\/uploads\/2025\/05\/20250520_104306-1536x2048.jpg 1536w, https:\/\/relaisdelaforet41.com\/wp-content\/uploads\/2025\/05\/20250520_104306-scaled.jpg 1920w\" sizes=\"(max-width: 767px) 89vw, (max-width: 1000px) 54vw, (max-width: 1071px) 543px, 580px\" \/><\/figure>\n","protected":false},"excerpt":{"rendered":"<p>Pour l&#8217;organisation de vos c\u00e9r\u00e9monies de mariage, \u00e0 Vend\u00f4me et aux alentours, vous pouvez r\u00e9server la salle de r\u00e9ception de 200 M2 (80 personnes assises, tables et chaises \u00e0 disposition) \u00e0 la Mairie de Renay, \u00e0 350 m du g\u00eete, soit :<\/p>\n","protected":false},"author":1,"featured_media":0,"parent":0,"menu_order":0,"comment_status":"closed","ping_status":"closed","template":"","meta":{"footnotes":""},"_links":{"self":[{"href":"https:\/\/relaisdelaforet41.com\/index.php\/wp-json\/wp\/v2\/pages\/847"}],"collection":[{"href":"https:\/\/relaisdelaforet41.com\/index.php\/wp-json\/wp\/v2\/pages"}],"about":[{"href":"https:\/\/relaisdelaforet41.com\/index.php\/wp-json\/wp\/v2\/types\/page"}],"author":[{"embeddable":true,"href":"https:\/\/relaisdelaforet41.com\/index.php\/wp-json\/wp\/v2\/users\/1"}],"replies":[{"embeddable":true,"href":"https:\/\/relaisdelaforet41.com\/index.php\/wp-json\/wp\/v2\/comments?post=847"}],"version-history":[{"count":10,"href":"https:\/\/relaisdelaforet41.com\/index.php\/wp-json\/wp\/v2\/pages\/847\/revisions"}],"predecessor-version":[{"id":968,"href":"https:\/\/relaisdelaforet41.com\/index.php\/wp-json\/wp\/v2\/pages\/847\/revisions\/968"}],"wp:attachment":[{"href":"https:\/\/relaisdelaforet41.com\/index.php\/wp-json\/wp\/v2\/media?parent=847"}],"curies":[{"name":"wp","href":"https:\/\/api.w.org\/{rel}","templated":true}]}}